{"id":177,"date":"2025-12-07T00:09:04","date_gmt":"2025-12-07T00:09:04","guid":{"rendered":"https:\/\/digitaledgeserbia.com\/?page_id=177"},"modified":"2025-12-20T14:39:59","modified_gmt":"2025-12-20T14:39:59","slug":"faq","status":"publish","type":"page","link":"https:\/\/digitaledgeserbia.com\/sr\/faq\/","title":{"rendered":"FAQ"},"content":{"rendered":"<div class=\"wp-block-columns is-layout-flex wp-container-core-columns-is-layout-28f84493 wp-block-columns-is-layout-flex\">\n<div class=\"wp-block-column is-layout-flow wp-block-column-is-layout-flow\" style=\"flex-basis:100%\">\n<div class=\"wp-block-group is-layout-flow wp-container-core-group-is-layout-81d5c4b5 wp-block-group-is-layout-flow\">\n<div class=\"wp-block-group is-layout-flow wp-container-core-group-is-layout-81d5c4b5 wp-block-group-is-layout-flow\">\n<div class=\"wp-block-group has-border-color has-custom-primary-border-color has-custom-background-secondary-background-color has-background is-layout-flow wp-container-core-group-is-layout-b7ccb6c3 wp-block-group-is-layout-flow\" style=\"border-width:1px;border-radius:40px;margin-top:var(--wp--preset--spacing--50);margin-bottom:var(--wp--preset--spacing--50);padding-top:var(--wp--preset--spacing--40);padding-right:var(--wp--preset--spacing--40);padding-bottom:var(--wp--preset--spacing--40);padding-left:var(--wp--preset--spacing--40)\">\n<details class=\"wp-block-details has-custom-text-color-color has-text-color has-link-color wp-elements-ea67cd769c80ed1059218e1c7ad304f3 is-layout-flow wp-container-core-details-is-layout-5dafc681 wp-block-details-is-layout-flow\" open><summary><strong>\u0160ta je Digital Edge Serbia?<\/strong><\/summary>\n<p>Digital Edge Serbia (DES) je va\u0161 partner za digitalnu transformaciju. Poma\u017eemo malim i srednjim preduze\u0107ima da zamene manuelne poslove automatizacijom, ubrzaju procese i uvedu savremena IT re\u0161enja koja obi\u010dno koriste velike korporacije. Sve to radimo bez suvi\u0161ne teorije i tehni\u010dkog optere\u0107enja \u2013 fokusirani smo isklju\u010divo na va\u0161u efikasnost. <a href=\"https:\/\/digitaledgeserbia.com\/sr\/about\/\" target=\"_blank\" rel=\"noreferrer noopener\"><\/a><\/p>\n<\/details>\n<\/div>\n\n\n\n<div class=\"wp-block-group has-border-color has-custom-primary-border-color has-custom-background-secondary-background-color has-background is-layout-flow wp-container-core-group-is-layout-b7ccb6c3 wp-block-group-is-layout-flow\" style=\"border-width:1px;border-radius:40px;margin-top:var(--wp--preset--spacing--50);margin-bottom:var(--wp--preset--spacing--50);padding-top:var(--wp--preset--spacing--40);padding-right:var(--wp--preset--spacing--40);padding-bottom:var(--wp--preset--spacing--40);padding-left:var(--wp--preset--spacing--40)\">\n<details class=\"wp-block-details is-layout-flow wp-container-core-details-is-layout-5dafc681 wp-block-details-is-layout-flow\"><summary><strong>Sa kakvim kompanijama sara\u0111ujete?<\/strong><\/summary>\n<p>Pre svega sara\u0111ujemo sa malim i srednjim preduze\u0107ima koja \u017eele da smanje manuelni rad, unaprede interne procese i uvedu savremene digitalne sisteme na jednostavan i odr\u017eiv na\u010din. Na\u0161 pristup je prilago\u0111en rastu\u0107im kompanijama kojima su potrebna prakti\u010dna i skalabilna re\u0161enja.<\/p>\n<\/details>\n<\/div>\n\n\n\n<div class=\"wp-block-group has-border-color has-custom-primary-border-color has-custom-background-secondary-background-color has-background is-layout-flow wp-container-core-group-is-layout-b7ccb6c3 wp-block-group-is-layout-flow\" style=\"border-width:1px;border-radius:40px;margin-top:var(--wp--preset--spacing--50);margin-bottom:var(--wp--preset--spacing--50);padding-top:var(--wp--preset--spacing--40);padding-right:var(--wp--preset--spacing--40);padding-bottom:var(--wp--preset--spacing--40);padding-left:var(--wp--preset--spacing--40)\">\n<details class=\"wp-block-details is-layout-flow wp-container-core-details-is-layout-5dafc681 wp-block-details-is-layout-flow\"><summary><strong>Koje usluge pru\u017ea Digital Edge Serbia?<\/strong><\/summary>\n<p>Na\u0161e usluge su fokusirane na automatizaciju, optimizaciju radnih tokova i digitalnu transformaciju. Poma\u017eemo kompanijama da prepoznaju neefikasnosti, osmisle bolje procese i implementiraju digitalna re\u0161enja koja podr\u017eavaju dugoro\u010dan rast.<\/p>\n<\/details>\n<\/div>\n\n\n\n<div class=\"wp-block-group has-border-color has-custom-primary-border-color has-custom-background-secondary-background-color has-background is-layout-flow wp-container-core-group-is-layout-b7ccb6c3 wp-block-group-is-layout-flow\" style=\"border-width:1px;border-radius:40px;margin-top:var(--wp--preset--spacing--50);margin-bottom:var(--wp--preset--spacing--50);padding-top:var(--wp--preset--spacing--40);padding-right:var(--wp--preset--spacing--40);padding-bottom:var(--wp--preset--spacing--40);padding-left:var(--wp--preset--spacing--40)\">\n<details class=\"wp-block-details is-layout-flow wp-container-core-details-is-layout-5dafc681 wp-block-details-is-layout-flow\"><summary><strong>\u0160ta u praksi zna\u010di implementacija automatizacije?<\/strong><\/summary>\n<p>Implementacija automatizacije podrazumeva identifikaciju rutinskih i vremenski zahtevnih zadataka u va\u0161em poslovanju i njihovo pretvaranje u pouzdane, automatizovane procese. Time se smanjuje rizik od gre\u0161aka, \u0161tedi vreme i omogu\u0107ava va\u0161em timu da se fokusira na vrednije poslove.<\/p>\n<\/details>\n<\/div>\n\n\n\n<div class=\"wp-block-group has-border-color has-custom-primary-border-color has-custom-background-secondary-background-color has-background is-layout-flow wp-container-core-group-is-layout-b7ccb6c3 wp-block-group-is-layout-flow\" style=\"border-width:1px;border-radius:40px;margin-top:var(--wp--preset--spacing--50);margin-bottom:var(--wp--preset--spacing--50);padding-top:var(--wp--preset--spacing--40);padding-right:var(--wp--preset--spacing--40);padding-bottom:var(--wp--preset--spacing--40);padding-left:var(--wp--preset--spacing--40)\">\n<details class=\"wp-block-details is-layout-flow wp-container-core-details-is-layout-5dafc681 wp-block-details-is-layout-flow\"><summary><strong>Kako funkcioni\u0161e optimizacija procesa?<\/strong><\/summary>\n<p>Optimizacija procesa po\u010dinje razumevanjem na\u010dina na koji va\u0161e poslovanje trenutno funkcioni\u0161e. Analiziramo postoje\u0107e modele poslovanja, identifikujemo uska grla i redizajniramo radne tokove kako bi bili efikasniji, jasniji i lak\u0161i za sprovo\u0111enje, uz upotrebu digitalnih alata gde je to smisleno.<\/p>\n<\/details>\n<\/div>\n\n\n\n<div class=\"wp-block-group has-border-color has-custom-primary-border-color has-custom-background-secondary-background-color has-background is-layout-flow wp-container-core-group-is-layout-b7ccb6c3 wp-block-group-is-layout-flow\" style=\"border-width:1px;border-radius:40px;margin-top:var(--wp--preset--spacing--50);margin-bottom:var(--wp--preset--spacing--50);padding-top:var(--wp--preset--spacing--40);padding-right:var(--wp--preset--spacing--40);padding-bottom:var(--wp--preset--spacing--40);padding-left:var(--wp--preset--spacing--40)\">\n<details class=\"wp-block-details is-layout-flow wp-container-core-details-is-layout-5dafc681 wp-block-details-is-layout-flow\"><summary><strong>\u0160ta obuhvata usluga digitalne transformacije?<\/strong><\/summary>\n<p>Digitalna transformacija obuhvata procenu postoje\u0107ih procesa i sistema, definisanje jasne digitalne strategije i implementaciju re\u0161enja koja unapre\u0111uju na\u010din na koji va\u0161e poslovanje funkcioni\u0161e. Tako\u0111e, pru\u017eamo podr\u0161ku va\u0161em timu tokom usvajanja promena kako bi one donele stvarne i merljive rezultate.<\/p>\n<\/details>\n<\/div>\n\n\n\n<div class=\"wp-block-group has-border-color has-custom-primary-border-color has-custom-background-secondary-background-color has-background is-layout-flow wp-container-core-group-is-layout-b7ccb6c3 wp-block-group-is-layout-flow\" style=\"border-width:1px;border-radius:40px;margin-top:var(--wp--preset--spacing--50);margin-bottom:var(--wp--preset--spacing--50);padding-top:var(--wp--preset--spacing--40);padding-right:var(--wp--preset--spacing--40);padding-bottom:var(--wp--preset--spacing--40);padding-left:var(--wp--preset--spacing--40)\">\n<details class=\"wp-block-details is-layout-flow wp-container-core-details-is-layout-5dafc681 wp-block-details-is-layout-flow\"><summary><strong>Da li je potrebno tehni\u010dko znanje za saradnju sa vama?<\/strong><\/summary>\n<p>Ne, tehni\u010dko predznanje nije potrebno. Mi se bavimo tehni\u010dkim aspektima i sve obja\u0161njavamo jasno i razumljivo. Na\u0161 cilj je da vam obezbedimo re\u0161enja koja funkcioni\u0161u u praksi, bez dodatne slo\u017eenosti.<\/p>\n<\/details>\n<\/div>\n\n\n\n<div class=\"wp-block-group has-border-color has-custom-primary-border-color has-custom-background-secondary-background-color has-background is-layout-flow wp-container-core-group-is-layout-b7ccb6c3 wp-block-group-is-layout-flow\" style=\"border-width:1px;border-radius:40px;margin-top:var(--wp--preset--spacing--50);margin-bottom:var(--wp--preset--spacing--50);padding-top:var(--wp--preset--spacing--40);padding-right:var(--wp--preset--spacing--40);padding-bottom:var(--wp--preset--spacing--40);padding-left:var(--wp--preset--spacing--40)\">\n<details class=\"wp-block-details is-layout-flow wp-container-core-details-is-layout-5dafc681 wp-block-details-is-layout-flow\"><summary><strong>Da li mo\u017eete da radite sa na\u0161im postoje\u0107im alatima i sistemima?<\/strong><\/summary>\n<p>Naravno. Na\u0161 cilj nije da menjamo ono \u0161to ve\u0107 dobro funkcioni\u0161e, ve\u0107 da ga unapredimo. Gde god je mogu\u0107e, nova re\u0161enja dizajniramo tako da se \u0161to bolje povezuju sa alatima koje ve\u0107 koristite. Na taj na\u010din odr\u017eavamo kontinuitet rada, smanjujemo potrebu za obukom i izvla\u010dimo maksimalnu vrednost iz va\u0161ih dosada\u0161njih ulaganja.<\/p>\n<\/details>\n<\/div>\n\n\n\n<div class=\"wp-block-group has-border-color has-custom-primary-border-color has-custom-background-secondary-background-color has-background is-layout-flow wp-container-core-group-is-layout-b7ccb6c3 wp-block-group-is-layout-flow\" style=\"border-width:1px;border-radius:40px;margin-top:var(--wp--preset--spacing--50);margin-bottom:var(--wp--preset--spacing--50);padding-top:var(--wp--preset--spacing--40);padding-right:var(--wp--preset--spacing--40);padding-bottom:var(--wp--preset--spacing--40);padding-left:var(--wp--preset--spacing--40)\">\n<details class=\"wp-block-details is-layout-flow wp-container-core-details-is-layout-5dafc681 wp-block-details-is-layout-flow\"><summary><strong>Koliko traje tipi\u010dan projekat?<\/strong><\/summary>\n<p>Trajanje projekta zavisi od obima i slo\u017eenosti. Neki projekti automatizacije mogu biti zavr\u0161eni u roku od nekoliko nedelja, dok sveobuhvatnije inicijative digitalne transformacije mogu trajati nekoliko meseci. Rokovi se defini\u0161u i dogovaraju na po\u010detku saradnje.<\/p>\n<\/details>\n<\/div>\n\n\n\n<div class=\"wp-block-group has-border-color has-custom-primary-border-color has-custom-background-secondary-background-color has-background is-layout-flow wp-container-core-group-is-layout-b7ccb6c3 wp-block-group-is-layout-flow\" style=\"border-width:1px;border-radius:40px;margin-top:var(--wp--preset--spacing--50);margin-bottom:var(--wp--preset--spacing--50);padding-top:var(--wp--preset--spacing--40);padding-right:var(--wp--preset--spacing--40);padding-bottom:var(--wp--preset--spacing--40);padding-left:var(--wp--preset--spacing--40)\">\n<details class=\"wp-block-details is-layout-flow wp-container-core-details-is-layout-5dafc681 wp-block-details-is-layout-flow\"><summary><strong>Da li obu\u010davate na\u0161 tim za kori\u0161\u0107enje novih re\u0161enja?<\/strong><\/summary>\n<p>Da. Pru\u017eamo smernice, obuku i podr\u0161ku kako bismo osigurali da va\u0161 tim razume i samouvereno koristi implementirana re\u0161enja. Uspe\u0161no usvajanje novog na\u010dina poslovanja je sastavni deo svakog projekta koji realizujemo.<\/p>\n<\/details>\n<\/div>\n\n\n\n<div class=\"wp-block-group has-border-color has-custom-primary-border-color has-custom-background-secondary-background-color has-background is-layout-flow wp-container-core-group-is-layout-b7ccb6c3 wp-block-group-is-layout-flow\" style=\"border-width:1px;border-radius:40px;margin-top:var(--wp--preset--spacing--50);margin-bottom:var(--wp--preset--spacing--50);padding-top:var(--wp--preset--spacing--40);padding-right:var(--wp--preset--spacing--40);padding-bottom:var(--wp--preset--spacing--40);padding-left:var(--wp--preset--spacing--40)\">\n<details class=\"wp-block-details is-layout-flow wp-container-core-details-is-layout-5dafc681 wp-block-details-is-layout-flow\"><summary><strong>Kako zapo\u010dinjete saradnju sa novim klijentima?<\/strong><\/summary>\n<p>Saradnju zapo\u010dinjemo konsultacijom kako bismo razumeli va\u0161e poslovanje, izazove i ciljeve. Na osnovu toga predla\u017eemo jasan plan sa prioritetima, o\u010dekivanim rezultatima i narednim koracima.<\/p>\n<\/details>\n<\/div>\n\n\n\n<div class=\"wp-block-group has-border-color has-custom-primary-border-color has-custom-background-secondary-background-color has-background is-layout-flow wp-container-core-group-is-layout-b7ccb6c3 wp-block-group-is-layout-flow\" style=\"border-width:1px;border-radius:40px;margin-top:var(--wp--preset--spacing--50);margin-bottom:var(--wp--preset--spacing--50);padding-top:var(--wp--preset--spacing--40);padding-right:var(--wp--preset--spacing--40);padding-bottom:var(--wp--preset--spacing--40);padding-left:var(--wp--preset--spacing--40)\">\n<details class=\"wp-block-details is-layout-flow wp-container-core-details-is-layout-5dafc681 wp-block-details-is-layout-flow\"><summary><strong>Za\u0161to da izaberem Digital Edge Serbia?<\/strong><\/summary>\n<p>Zato \u0161to ne uvodimo tehnologiju radi tehnologije, ve\u0107 alate koji \u0161tede vreme i direktno doprinose profitu. Na\u0161 pristup povezuje strate\u0161ko planiranje sa konkretnom realizacijom, \u0161to zna\u010di da ne dobijate samo savet, ve\u0107 potpuno funkcionalno re\u0161enje. Fokusirani smo na to da va\u0161a digitalna transformacija bude brza, opipljiva i bez suvi\u0161nih komplikacija koje \u010desto prate velike IT projekte.<\/p>\n<\/details>\n<\/div>\n\n\n\n<div class=\"wp-block-group has-border-color has-custom-primary-border-color has-custom-background-secondary-background-color has-background is-layout-flow wp-container-core-group-is-layout-b7ccb6c3 wp-block-group-is-layout-flow\" style=\"border-width:1px;border-radius:40px;margin-top:var(--wp--preset--spacing--50);margin-bottom:var(--wp--preset--spacing--50);padding-top:var(--wp--preset--spacing--40);padding-right:var(--wp--preset--spacing--40);padding-bottom:var(--wp--preset--spacing--40);padding-left:var(--wp--preset--spacing--40)\">\n<details class=\"wp-block-details is-layout-flow wp-container-core-details-is-layout-5dafc681 wp-block-details-is-layout-flow\"><summary><strong>Kako mogu da kontaktiram sa Digital Edge Serbia?<\/strong><\/summary>\n<p>Mo\u017eete da nam se obratite putem kontakt stranice na na\u0161em sajtu ili putem imejla. Dostupni smo radnim danima od 10:00 do 18:00 sati i potrudi\u0107emo se da vam odgovorimo u najkra\u0107em mogu\u0107em roku.<\/p>\n<\/details>\n<\/div>\n<\/div>\n<\/div>\n<\/div>\n<\/div>\n\n\n\n<hr class=\"wp-block-separator has-alpha-channel-opacity\"\/>","protected":false},"excerpt":{"rendered":"","protected":false},"author":2,"featured_media":0,"parent":0,"menu_order":0,"comment_status":"closed","ping_status":"closed","template":"","meta":{"_eb_attr":"","footnotes":""},"class_list":["post-177","page","type-page","status-publish","hentry"],"featured_image_src":null,"_links":{"self":[{"href":"https:\/\/digitaledgeserbia.com\/sr\/wp-json\/wp\/v2\/pages\/177","targetHints":{"allow":["GET"]}}],"collection":[{"href":"https:\/\/digitaledgeserbia.com\/sr\/wp-json\/wp\/v2\/pages"}],"about":[{"href":"https:\/\/digitaledgeserbia.com\/sr\/wp-json\/wp\/v2\/types\/page"}],"author":[{"embeddable":true,"href":"https:\/\/digitaledgeserbia.com\/sr\/wp-json\/wp\/v2\/users\/2"}],"replies":[{"embeddable":true,"href":"https:\/\/digitaledgeserbia.com\/sr\/wp-json\/wp\/v2\/comments?post=177"}],"version-history":[{"count":20,"href":"https:\/\/digitaledgeserbia.com\/sr\/wp-json\/wp\/v2\/pages\/177\/revisions"}],"predecessor-version":[{"id":655,"href":"https:\/\/digitaledgeserbia.com\/sr\/wp-json\/wp\/v2\/pages\/177\/revisions\/655"}],"wp:attachment":[{"href":"https:\/\/digitaledgeserbia.com\/sr\/wp-json\/wp\/v2\/media?parent=177"}],"curies":[{"name":"wp","href":"https:\/\/api.w.org\/{rel}","templated":true}]}}