{"id":267,"date":"2025-12-15T22:07:03","date_gmt":"2025-12-15T22:07:03","guid":{"rendered":"https:\/\/digitaledgeserbia.com\/?page_id=267"},"modified":"2025-12-21T16:57:33","modified_gmt":"2025-12-21T16:57:33","slug":"about","status":"publish","type":"page","link":"https:\/\/digitaledgeserbia.com\/sr\/about\/","title":{"rendered":""},"content":{"rendered":"<div style=\"height:30px\" aria-hidden=\"true\" class=\"wp-block-spacer\"><\/div>\n\n\n\n<div class=\"wp-block-media-text has-media-on-the-right is-stacked-on-mobile\"><div class=\"wp-block-media-text__content\">\n<h2 class=\"wp-block-heading has-custom-primary-color has-text-color has-link-color has-medium-font-size wp-elements-6b9227298993b18a28d8f37e6886fbff\" style=\"font-style:normal;font-weight:500\">O Digital Edge Serbia<\/h2>\n\n\n\n<p class=\"has-custom-1-font-size\">Digital Edge Serbia (DES) poma\u017ee malim i srednjim preduze\u0107ima da iskoriste snagu napredne automatizacije, optimizacije procesa i digitalne transformacije, kako bi dostigla standarde vode\u0107ih kompanija u svojoj industriji.<\/p>\n\n\n\n<p class=\"has-custom-1-font-size\">Specijalizovani smo za pretvaranje manuelnih i vremenski zahtevnih zadataka u pametne, automatizovane radne tokove koji se jednostavno primenjuju, lako prilago\u0111avaju rastu i u potpunosti uskla\u0111uju sa na\u010dinom na koji va\u0161 biznis zaista funkcioni\u0161e.<\/p>\n\n\n\n<p class=\"has-custom-1-font-size\">Cilj nam je da malim i srednjim preduze\u0107ima omogu\u0107imo efikasnost, pouzdanost i uvid u poslovanje koji su do sada bili rezervisani za najve\u0107e sisteme.<\/p>\n<\/div><figure class=\"wp-block-media-text__media\"><img fetchpriority=\"high\" decoding=\"async\" width=\"1024\" height=\"768\" src=\"https:\/\/digitaledgeserbia.com\/wp-content\/uploads\/2025\/12\/01_Gemini_Generated_Image_cmsa9gcmsa9gcmsa.png\" alt=\"\" class=\"wp-image-378 size-full\" srcset=\"https:\/\/digitaledgeserbia.com\/wp-content\/uploads\/2025\/12\/01_Gemini_Generated_Image_cmsa9gcmsa9gcmsa.png 1024w, https:\/\/digitaledgeserbia.com\/wp-content\/uploads\/2025\/12\/01_Gemini_Generated_Image_cmsa9gcmsa9gcmsa-300x225.png 300w, https:\/\/digitaledgeserbia.com\/wp-content\/uploads\/2025\/12\/01_Gemini_Generated_Image_cmsa9gcmsa9gcmsa-768x576.png 768w\" sizes=\"(max-width: 1024px) 100vw, 1024px\" \/><\/figure><\/div>\n\n\n\n<div style=\"height:30px\" aria-hidden=\"true\" class=\"wp-block-spacer\"><\/div>\n\n\n\n<div class=\"wp-block-media-text is-stacked-on-mobile\"><figure class=\"wp-block-media-text__media\"><img decoding=\"async\" width=\"1024\" height=\"768\" src=\"https:\/\/digitaledgeserbia.com\/wp-content\/uploads\/2025\/12\/02_Gemini_Generated_Image_q5td3aq5td3aq5td.png\" alt=\"\" class=\"wp-image-379 size-full\" srcset=\"https:\/\/digitaledgeserbia.com\/wp-content\/uploads\/2025\/12\/02_Gemini_Generated_Image_q5td3aq5td3aq5td.png 1024w, https:\/\/digitaledgeserbia.com\/wp-content\/uploads\/2025\/12\/02_Gemini_Generated_Image_q5td3aq5td3aq5td-300x225.png 300w, https:\/\/digitaledgeserbia.com\/wp-content\/uploads\/2025\/12\/02_Gemini_Generated_Image_q5td3aq5td3aq5td-768x576.png 768w\" sizes=\"(max-width: 1024px) 100vw, 1024px\" \/><\/figure><div class=\"wp-block-media-text__content\">\n<p class=\"has-custom-1-font-size\">Stojimo iza toga da digitalna transformacija ne treba da bude komplikovana niti nedosti\u017ena. Blisko sara\u0111ujemo sa klijentima kako bismo razumeli njihove svakodnevne procese, prepoznali uska grla i primenili prakti\u010dna re\u0161enja koja donose konkretne rezultate \u2013 br\u017ee izvr\u0161avanje zadataka, manje gre\u0161aka i bolju preglednost poslovanja.<\/p>\n\n\n\n<p class=\"has-custom-1-font-size\">Na\u0161a re\u0161enja su osmi\u0161ljena da rastu zajedno sa vama. Bilo da automatizujete interne procese, povezujete sisteme ili modernizujete svoju digitalnu infrastrukturu, fokusirani smo na izgradnju fleksibilnih i dugoro\u010dno odr\u017eivih sistema koji podr\u017eavaju va\u0161 dalji razvoj.<\/p>\n<\/div><\/div>\n\n\n\n<div style=\"height:30px\" aria-hidden=\"true\" class=\"wp-block-spacer\"><\/div>\n\n\n\n<div class=\"wp-block-media-text has-media-on-the-right is-stacked-on-mobile\"><div class=\"wp-block-media-text__content\">\n<p class=\"has-custom-1-font-size\">Eliminisanjem rutinskih zadataka i operativnih prepreka, poma\u017eemo malim i srednjim preduze\u0107ima da se usredsrede na ono \u0161to je najva\u017enije \u2013 rad sa klijentima, dono\u0161enje boljih odluka i rast poslovanja.<\/p>\n<\/div><figure class=\"wp-block-media-text__media\"><img decoding=\"async\" width=\"1024\" height=\"768\" src=\"https:\/\/digitaledgeserbia.com\/wp-content\/uploads\/2025\/12\/03_Gemini_Generated_Image_59n6wr59n6wr59n6.png\" alt=\"\" class=\"wp-image-380 size-full\" srcset=\"https:\/\/digitaledgeserbia.com\/wp-content\/uploads\/2025\/12\/03_Gemini_Generated_Image_59n6wr59n6wr59n6.png 1024w, https:\/\/digitaledgeserbia.com\/wp-content\/uploads\/2025\/12\/03_Gemini_Generated_Image_59n6wr59n6wr59n6-300x225.png 300w, https:\/\/digitaledgeserbia.com\/wp-content\/uploads\/2025\/12\/03_Gemini_Generated_Image_59n6wr59n6wr59n6-768x576.png 768w\" sizes=\"(max-width: 1024px) 100vw, 1024px\" \/><\/figure><\/div>\n\n\n\n<div style=\"height:30px\" aria-hidden=\"true\" class=\"wp-block-spacer\"><\/div>\n\n\n\n<p class=\"has-text-align-center has-custom-primary-color has-text-color has-link-color has-medium-font-size wp-elements-9b522a25c01683844b8a440029366f85\"><strong>Snaga velikih sistema. Dostupna svima.<\/strong><\/p>\n\n\n\n<p class=\"has-text-align-center has-custom-text-color-color has-text-color has-link-color has-custom-1-font-size wp-elements-530a5a3af353b1c8c0c380ef11c1f198\">To je prednost koju donosimo malim i srednjim preduze\u0107ima u Srbiji i \u0161ire.<\/p>\n\n\n\n<div style=\"height:30px\" aria-hidden=\"true\" class=\"wp-block-spacer\"><\/div>","protected":false},"excerpt":{"rendered":"<p>About Digital Edge Serbia Digital Edge Serbia (DES) helps small and medium-sized businesses unlock the power of enterprise-level automation, workflow optimization, and digital transformation to match industry-leading standards. We specialize in turning manual, time-consuming processes into smart, automated workflows that are easy to use, easy to scale, and built around how your business actually works. [&hellip;]<\/p>\n","protected":false},"author":3,"featured_media":0,"parent":0,"menu_order":0,"comment_status":"closed","ping_status":"closed","template":"","meta":{"_eb_attr":"","footnotes":""},"class_list":["post-267","page","type-page","status-publish","hentry"],"featured_image_src":null,"_links":{"self":[{"href":"https:\/\/digitaledgeserbia.com\/sr\/wp-json\/wp\/v2\/pages\/267","targetHints":{"allow":["GET"]}}],"collection":[{"href":"https:\/\/digitaledgeserbia.com\/sr\/wp-json\/wp\/v2\/pages"}],"about":[{"href":"https:\/\/digitaledgeserbia.com\/sr\/wp-json\/wp\/v2\/types\/page"}],"author":[{"embeddable":true,"href":"https:\/\/digitaledgeserbia.com\/sr\/wp-json\/wp\/v2\/users\/3"}],"replies":[{"embeddable":true,"href":"https:\/\/digitaledgeserbia.com\/sr\/wp-json\/wp\/v2\/comments?post=267"}],"version-history":[{"count":22,"href":"https:\/\/digitaledgeserbia.com\/sr\/wp-json\/wp\/v2\/pages\/267\/revisions"}],"predecessor-version":[{"id":678,"href":"https:\/\/digitaledgeserbia.com\/sr\/wp-json\/wp\/v2\/pages\/267\/revisions\/678"}],"wp:attachment":[{"href":"https:\/\/digitaledgeserbia.com\/sr\/wp-json\/wp\/v2\/media?parent=267"}],"curies":[{"name":"wp","href":"https:\/\/api.w.org\/{rel}","templated":true}]}}